{"id":529,"date":"2025-11-25T11:31:26","date_gmt":"2025-11-25T10:31:26","guid":{"rendered":"https:\/\/shop.alpar.fr\/?post_type=product&#038;p=529"},"modified":"2025-11-25T11:31:26","modified_gmt":"2025-11-25T10:31:26","slug":"cagette-tacle-bio-6-kg","status":"publish","type":"product","link":"https:\/\/wev.alpar.fr\/?product=cagette-tacle-bio-6-kg","title":{"rendered":"Cagette Tacle  Bio 6 kg"},"content":{"rendered":"<h2>Tacle<\/h2>\n<p>Le Tacle est un <b>agrume hybride<\/b> obtenu gr\u00e2ce aux recherches de l\u2019Institut d\u2019agrumiculture d&rsquo; Acireale, dans la province de Catane. Il r\u00e9sulte du <b>croisement entre la cl\u00e9mentine Monreal et l\u2019orange Tarocco<\/b>. Ses dimensions se situent entre celles de la cl\u00e9mentine et celles de l\u2019orange.<br \/>\nCe fruit poss\u00e8de une bonne saveur sucr\u00e9e, \u00e0 mi-chemin entre celle de la cl\u00e9mentine et celle du Tarocco. Il pr\u00e9sente une consistance tr\u00e8s pleine et ferme au toucher et sa peau se retire ais\u00e9ment.<br \/>\nIl pr\u00e9sente un seul inconv\u00e9nient : l\u2019arbre \u00e9tant pourvu d\u2019une grande quantit\u00e9 de longues \u00e9pines,\u00a0 les fruits peuvent \u00eatre endommag\u00e9s de mani\u00e8re irr\u00e9m\u00e9diable\u00a0lors des journ\u00e9es venteuses.<br \/>\n<b> P\u00e9riode de r\u00e9colte\u00a0\u00a0<\/b>: D\u00c9CEMBRE et F\u00c9VRIER<\/p>\n","protected":false},"excerpt":{"rendered":"<p>Cagette\u00a0 de 6kg<\/p>\n","protected":false},"featured_media":530,"template":"","meta":{"site-sidebar-layout":"default","site-content-layout":"","ast-site-content-layout":"default","site-content-style":"default","site-sidebar-style":"default","ast-global-header-display":"","ast-banner-title-visibility":"","ast-main-header-display":"","ast-hfb-above-header-display":"","ast-hfb-below-header-display":"","ast-hfb-mobile-header-display":"","site-post-title":"","ast-breadcrumbs-content":"","ast-featured-img":"","footer-sml-layout":"","ast-disable-related-posts":"","theme-transparent-header-meta":"default","adv-header-id-meta":"","stick-header-meta":"","header-above-stick-meta":"","header-main-stick-meta":"","header-below-stick-meta":"","astra-migrate-meta-layouts":"set","ast-page-background-enabled":"default","ast-page-background-meta":{"desktop":{"background-color":"var(--ast-global-color-5)","background-image":"","background-repeat":"repeat","background-position":"center center","background-size":"auto","background-attachment":"scroll","background-type":"","background-media":"","overlay-type":"","overlay-color":"","overlay-opacity":"","overlay-gradient":""},"tablet":{"background-color":"","background-image":"","background-repeat":"repeat","background-position":"center center","background-size":"auto","background-attachment":"scroll","background-type":"","background-media":"","overlay-type":"","overlay-color":"","overlay-opacity":"","overlay-gradient":""},"mobile":{"background-color":"","background-image":"","background-repeat":"repeat","background-position":"center center","background-size":"auto","background-attachment":"scroll","background-type":"","background-media":"","overlay-type":"","overlay-color":"","overlay-opacity":"","overlay-gradient":""}},"ast-content-background-meta":{"desktop":{"background-color":"var(--ast-global-color-4)","background-image":"","background-repeat":"repeat","background-position":"center center","background-size":"auto","background-attachment":"scroll","background-type":"","background-media":"","overlay-type":"","overlay-color":"","overlay-opacity":"","overlay-gradient":""},"tablet":{"background-color":"var(--ast-global-color-4)","background-image":"","background-repeat":"repeat","background-position":"center center","background-size":"auto","background-attachment":"scroll","background-type":"","background-media":"","overlay-type":"","overlay-color":"","overlay-opacity":"","overlay-gradient":""},"mobile":{"background-color":"var(--ast-global-color-4)","background-image":"","background-repeat":"repeat","background-position":"center center","background-size":"auto","background-attachment":"scroll","background-type":"","background-media":"","overlay-type":"","overlay-color":"","overlay-opacity":"","overlay-gradient":""}}},"product_brand":[],"product_cat":[20],"product_tag":[],"class_list":{"0":"post-529","1":"product","2":"type-product","3":"status-publish","4":"has-post-thumbnail","6":"product_cat-agrume","7":"desktop-align-left","8":"tablet-align-left","9":"mobile-align-left","11":"first","12":"instock","13":"shipping-taxable","14":"purchasable","15":"product-type-simple"},"_links":{"self":[{"href":"https:\/\/wev.alpar.fr\/index.php?rest_route=\/wp\/v2\/product\/529","targetHints":{"allow":["GET"]}}],"collection":[{"href":"https:\/\/wev.alpar.fr\/index.php?rest_route=\/wp\/v2\/product"}],"about":[{"href":"https:\/\/wev.alpar.fr\/index.php?rest_route=\/wp\/v2\/types\/product"}],"wp:featuredmedia":[{"embeddable":true,"href":"https:\/\/wev.alpar.fr\/index.php?rest_route=\/wp\/v2\/media\/530"}],"wp:attachment":[{"href":"https:\/\/wev.alpar.fr\/index.php?rest_route=%2Fwp%2Fv2%2Fmedia&parent=529"}],"wp:term":[{"taxonomy":"product_brand","embeddable":true,"href":"https:\/\/wev.alpar.fr\/index.php?rest_route=%2Fwp%2Fv2%2Fproduct_brand&post=529"},{"taxonomy":"product_cat","embeddable":true,"href":"https:\/\/wev.alpar.fr\/index.php?rest_route=%2Fwp%2Fv2%2Fproduct_cat&post=529"},{"taxonomy":"product_tag","embeddable":true,"href":"https:\/\/wev.alpar.fr\/index.php?rest_route=%2Fwp%2Fv2%2Fproduct_tag&post=529"}],"curies":[{"name":"wp","href":"https:\/\/api.w.org\/{rel}","templated":true}]}}