{"id":525,"date":"2025-11-25T11:31:26","date_gmt":"2025-11-25T10:31:26","guid":{"rendered":"https:\/\/shop.alpar.fr\/?post_type=product&#038;p=525"},"modified":"2025-11-25T11:31:26","modified_gmt":"2025-11-25T10:31:26","slug":"cagette-citron-bio-6kg","status":"publish","type":"product","link":"https:\/\/wev.alpar.fr\/?product=cagette-citron-bio-6kg","title":{"rendered":"Cagette Citron Bio 6KG"},"content":{"rendered":"<p class=\"lead\">Le citron poss\u00e8de de nombreuses propri\u00e9t\u00e9s b\u00e9n\u00e9fiques : il contient beaucoup de vitamine C qui, agissant dans l\u2019intestin favorise la digestion. Ils peut \u00eatre utilis\u00e9 dans le traitement des cheveux, des dents et des probl\u00e8mes respiratoires et poss\u00e8de \u00e9galement de bonnes propri\u00e9t\u00e9s amincissantes. Il contribue \u00e0 la lutte contre les radicaux libres et au renforcement des vaisseaux sanguins. En somme, il est consid\u00e9r\u00e9 de divers points de vue comme optimal pour notre sant\u00e9.<\/p>\n<p class=\"lead\"><u>P\u00e9riode de r\u00e9colte:\u00a0<\/u>TOUTE L\u2019ANN\u00c9E<\/p>\n","protected":false},"excerpt":{"rendered":"<p>Cagette 6 kg<\/p>\n","protected":false},"featured_media":526,"template":"","meta":{"site-sidebar-layout":"default","site-content-layout":"","ast-site-content-layout":"default","site-content-style":"default","site-sidebar-style":"default","ast-global-header-display":"","ast-banner-title-visibility":"","ast-main-header-display":"","ast-hfb-above-header-display":"","ast-hfb-below-header-display":"","ast-hfb-mobile-header-display":"","site-post-title":"","ast-breadcrumbs-content":"","ast-featured-img":"","footer-sml-layout":"","ast-disable-related-posts":"","theme-transparent-header-meta":"default","adv-header-id-meta":"","stick-header-meta":"","header-above-stick-meta":"","header-main-stick-meta":"","header-below-stick-meta":"","astra-migrate-meta-layouts":"set","ast-page-background-enabled":"default","ast-page-background-meta":{"desktop":{"background-color":"var(--ast-global-color-5)","background-image":"","background-repeat":"repeat","background-position":"center center","background-size":"auto","background-attachment":"scroll","background-type":"","background-media":"","overlay-type":"","overlay-color":"","overlay-opacity":"","overlay-gradient":""},"tablet":{"background-color":"","background-image":"","background-repeat":"repeat","background-position":"center center","background-size":"auto","background-attachment":"scroll","background-type":"","background-media":"","overlay-type":"","overlay-color":"","overlay-opacity":"","overlay-gradient":""},"mobile":{"background-color":"","background-image":"","background-repeat":"repeat","background-position":"center center","background-size":"auto","background-attachment":"scroll","background-type":"","background-media":"","overlay-type":"","overlay-color":"","overlay-opacity":"","overlay-gradient":""}},"ast-content-background-meta":{"desktop":{"background-color":"var(--ast-global-color-4)","background-image":"","background-repeat":"repeat","background-position":"center center","background-size":"auto","background-attachment":"scroll","background-type":"","background-media":"","overlay-type":"","overlay-color":"","overlay-opacity":"","overlay-gradient":""},"tablet":{"background-color":"var(--ast-global-color-4)","background-image":"","background-repeat":"repeat","background-position":"center center","background-size":"auto","background-attachment":"scroll","background-type":"","background-media":"","overlay-type":"","overlay-color":"","overlay-opacity":"","overlay-gradient":""},"mobile":{"background-color":"var(--ast-global-color-4)","background-image":"","background-repeat":"repeat","background-position":"center center","background-size":"auto","background-attachment":"scroll","background-type":"","background-media":"","overlay-type":"","overlay-color":"","overlay-opacity":"","overlay-gradient":""}}},"product_brand":[],"product_cat":[20],"product_tag":[],"class_list":{"0":"post-525","1":"product","2":"type-product","3":"status-publish","4":"has-post-thumbnail","6":"product_cat-agrume","7":"desktop-align-left","8":"tablet-align-left","9":"mobile-align-left","11":"first","12":"instock","13":"shipping-taxable","14":"purchasable","15":"product-type-simple"},"_links":{"self":[{"href":"https:\/\/wev.alpar.fr\/index.php?rest_route=\/wp\/v2\/product\/525","targetHints":{"allow":["GET"]}}],"collection":[{"href":"https:\/\/wev.alpar.fr\/index.php?rest_route=\/wp\/v2\/product"}],"about":[{"href":"https:\/\/wev.alpar.fr\/index.php?rest_route=\/wp\/v2\/types\/product"}],"wp:featuredmedia":[{"embeddable":true,"href":"https:\/\/wev.alpar.fr\/index.php?rest_route=\/wp\/v2\/media\/526"}],"wp:attachment":[{"href":"https:\/\/wev.alpar.fr\/index.php?rest_route=%2Fwp%2Fv2%2Fmedia&parent=525"}],"wp:term":[{"taxonomy":"product_brand","embeddable":true,"href":"https:\/\/wev.alpar.fr\/index.php?rest_route=%2Fwp%2Fv2%2Fproduct_brand&post=525"},{"taxonomy":"product_cat","embeddable":true,"href":"https:\/\/wev.alpar.fr\/index.php?rest_route=%2Fwp%2Fv2%2Fproduct_cat&post=525"},{"taxonomy":"product_tag","embeddable":true,"href":"https:\/\/wev.alpar.fr\/index.php?rest_route=%2Fwp%2Fv2%2Fproduct_tag&post=525"}],"curies":[{"name":"wp","href":"https:\/\/api.w.org\/{rel}","templated":true}]}}