{"id":523,"date":"2025-11-25T11:31:26","date_gmt":"2025-11-25T10:31:26","guid":{"rendered":"https:\/\/shop.alpar.fr\/?post_type=product&#038;p=523"},"modified":"2025-11-25T11:31:26","modified_gmt":"2025-11-25T10:31:26","slug":"cagette-clementines-bio-10-kg","status":"publish","type":"product","link":"https:\/\/wev.alpar.fr\/?product=cagette-clementines-bio-10-kg","title":{"rendered":"Cagette Cl\u00e9mentines Bio 10 kg"},"content":{"rendered":"<p><span>Les cl\u00e9mentines sont le fruit d&rsquo;un <b>croisement entre la mandarine et l\u2019orange am\u00e8re<\/b>. C\u2019est un fruit doux et parfum\u00e9 avec une saveur tr\u00e8s plaisante. <\/span><\/p>\n<p><span>Ce devrait \u00eatre un fruit sans p\u00e9pin, mais si l\u2019agrumeraie est entour\u00e9e d\u2019autres vari\u00e9t\u00e9s d\u2019agrumes, comme c\u2019est souvent le cas \u00e0 cause de la pollinisation crois\u00e9e effectu\u00e9e par les abeilles on peut parfois, tout de m\u00eame, trouver des p\u00e9pins.<\/span><\/p>\n<p><span><b>P\u00e9riode de r\u00e9colte :<\/b> de fin OCTOBRE \u00e0 JANVIER<\/span><\/p>\n","protected":false},"excerpt":{"rendered":"<p>Cagette 10 kg<\/p>\n","protected":false},"featured_media":524,"template":"","meta":{"site-sidebar-layout":"default","site-content-layout":"","ast-site-content-layout":"default","site-content-style":"default","site-sidebar-style":"default","ast-global-header-display":"","ast-banner-title-visibility":"","ast-main-header-display":"","ast-hfb-above-header-display":"","ast-hfb-below-header-display":"","ast-hfb-mobile-header-display":"","site-post-title":"","ast-breadcrumbs-content":"","ast-featured-img":"","footer-sml-layout":"","ast-disable-related-posts":"","theme-transparent-header-meta":"default","adv-header-id-meta":"","stick-header-meta":"","header-above-stick-meta":"","header-main-stick-meta":"","header-below-stick-meta":"","astra-migrate-meta-layouts":"set","ast-page-background-enabled":"default","ast-page-background-meta":{"desktop":{"background-color":"var(--ast-global-color-5)","background-image":"","background-repeat":"repeat","background-position":"center center","background-size":"auto","background-attachment":"scroll","background-type":"","background-media":"","overlay-type":"","overlay-color":"","overlay-opacity":"","overlay-gradient":""},"tablet":{"background-color":"","background-image":"","background-repeat":"repeat","background-position":"center center","background-size":"auto","background-attachment":"scroll","background-type":"","background-media":"","overlay-type":"","overlay-color":"","overlay-opacity":"","overlay-gradient":""},"mobile":{"background-color":"","background-image":"","background-repeat":"repeat","background-position":"center center","background-size":"auto","background-attachment":"scroll","background-type":"","background-media":"","overlay-type":"","overlay-color":"","overlay-opacity":"","overlay-gradient":""}},"ast-content-background-meta":{"desktop":{"background-color":"var(--ast-global-color-4)","background-image":"","background-repeat":"repeat","background-position":"center center","background-size":"auto","background-attachment":"scroll","background-type":"","background-media":"","overlay-type":"","overlay-color":"","overlay-opacity":"","overlay-gradient":""},"tablet":{"background-color":"var(--ast-global-color-4)","background-image":"","background-repeat":"repeat","background-position":"center center","background-size":"auto","background-attachment":"scroll","background-type":"","background-media":"","overlay-type":"","overlay-color":"","overlay-opacity":"","overlay-gradient":""},"mobile":{"background-color":"var(--ast-global-color-4)","background-image":"","background-repeat":"repeat","background-position":"center center","background-size":"auto","background-attachment":"scroll","background-type":"","background-media":"","overlay-type":"","overlay-color":"","overlay-opacity":"","overlay-gradient":""}}},"product_brand":[],"product_cat":[20],"product_tag":[],"class_list":{"0":"post-523","1":"product","2":"type-product","3":"status-publish","4":"has-post-thumbnail","6":"product_cat-agrume","7":"desktop-align-left","8":"tablet-align-left","9":"mobile-align-left","11":"first","12":"instock","13":"shipping-taxable","14":"purchasable","15":"product-type-simple"},"_links":{"self":[{"href":"https:\/\/wev.alpar.fr\/index.php?rest_route=\/wp\/v2\/product\/523","targetHints":{"allow":["GET"]}}],"collection":[{"href":"https:\/\/wev.alpar.fr\/index.php?rest_route=\/wp\/v2\/product"}],"about":[{"href":"https:\/\/wev.alpar.fr\/index.php?rest_route=\/wp\/v2\/types\/product"}],"wp:featuredmedia":[{"embeddable":true,"href":"https:\/\/wev.alpar.fr\/index.php?rest_route=\/wp\/v2\/media\/524"}],"wp:attachment":[{"href":"https:\/\/wev.alpar.fr\/index.php?rest_route=%2Fwp%2Fv2%2Fmedia&parent=523"}],"wp:term":[{"taxonomy":"product_brand","embeddable":true,"href":"https:\/\/wev.alpar.fr\/index.php?rest_route=%2Fwp%2Fv2%2Fproduct_brand&post=523"},{"taxonomy":"product_cat","embeddable":true,"href":"https:\/\/wev.alpar.fr\/index.php?rest_route=%2Fwp%2Fv2%2Fproduct_cat&post=523"},{"taxonomy":"product_tag","embeddable":true,"href":"https:\/\/wev.alpar.fr\/index.php?rest_route=%2Fwp%2Fv2%2Fproduct_tag&post=523"}],"curies":[{"name":"wp","href":"https:\/\/api.w.org\/{rel}","templated":true}]}}