{"id":227,"date":"2025-12-01T09:47:29","date_gmt":"2025-12-01T08:47:29","guid":{"rendered":"https:\/\/shop.alpar.fr\/?post_type=product&#038;p=227"},"modified":"2025-12-01T09:47:29","modified_gmt":"2025-12-01T08:47:29","slug":"flori-cereales","status":"publish","type":"product","link":"https:\/\/wev.alpar.fr\/?product=flori-cereales","title":{"rendered":"Flori-C\u00e9r\u00e9ales"},"content":{"rendered":"<p>Pr\u00e9paration pr\u00eate \u00e0 l\u2019emploi pour la fabrication de pain aux c\u00e9r\u00e9ales &#8211; Farine de bl\u00e9, de seigle, d\u2019orge, d\u2019avoine, de riz, de mais \u2013 Bl\u00e9 et seigle broy\u00e9s \u2013 Graines de lin brun et de s\u00e9same \u2013 Flocons d\u2019avoine et d\u2019orge<\/p>\n","protected":false},"excerpt":{"rendered":"<p>Sac de 5 kg<\/p>\n","protected":false},"featured_media":647,"template":"","meta":{"site-sidebar-layout":"default","site-content-layout":"","ast-site-content-layout":"default","site-content-style":"default","site-sidebar-style":"default","ast-global-header-display":"","ast-banner-title-visibility":"","ast-main-header-display":"","ast-hfb-above-header-display":"","ast-hfb-below-header-display":"","ast-hfb-mobile-header-display":"","site-post-title":"","ast-breadcrumbs-content":"","ast-featured-img":"","footer-sml-layout":"","ast-disable-related-posts":"","theme-transparent-header-meta":"default","adv-header-id-meta":"","stick-header-meta":"","header-above-stick-meta":"","header-main-stick-meta":"","header-below-stick-meta":"","astra-migrate-meta-layouts":"set","ast-page-background-enabled":"default","ast-page-background-meta":{"desktop":{"background-color":"var(--ast-global-color-5)","background-image":"","background-repeat":"repeat","background-position":"center center","background-size":"auto","background-attachment":"scroll","background-type":"","background-media":"","overlay-type":"","overlay-color":"","overlay-opacity":"","overlay-gradient":""},"tablet":{"background-color":"","background-image":"","background-repeat":"repeat","background-position":"center center","background-size":"auto","background-attachment":"scroll","background-type":"","background-media":"","overlay-type":"","overlay-color":"","overlay-opacity":"","overlay-gradient":""},"mobile":{"background-color":"","background-image":"","background-repeat":"repeat","background-position":"center center","background-size":"auto","background-attachment":"scroll","background-type":"","background-media":"","overlay-type":"","overlay-color":"","overlay-opacity":"","overlay-gradient":""}},"ast-content-background-meta":{"desktop":{"background-color":"var(--ast-global-color-4)","background-image":"","background-repeat":"repeat","background-position":"center center","background-size":"auto","background-attachment":"scroll","background-type":"","background-media":"","overlay-type":"","overlay-color":"","overlay-opacity":"","overlay-gradient":""},"tablet":{"background-color":"var(--ast-global-color-4)","background-image":"","background-repeat":"repeat","background-position":"center center","background-size":"auto","background-attachment":"scroll","background-type":"","background-media":"","overlay-type":"","overlay-color":"","overlay-opacity":"","overlay-gradient":""},"mobile":{"background-color":"var(--ast-global-color-4)","background-image":"","background-repeat":"repeat","background-position":"center center","background-size":"auto","background-attachment":"scroll","background-type":"","background-media":"","overlay-type":"","overlay-color":"","overlay-opacity":"","overlay-gradient":""}}},"product_brand":[],"product_cat":[23],"product_tag":[],"class_list":{"0":"post-227","1":"product","2":"type-product","3":"status-publish","4":"has-post-thumbnail","6":"product_cat-metral","7":"desktop-align-left","8":"tablet-align-left","9":"mobile-align-left","11":"first","12":"instock","13":"shipping-taxable","14":"purchasable","15":"product-type-simple"},"_links":{"self":[{"href":"https:\/\/wev.alpar.fr\/index.php?rest_route=\/wp\/v2\/product\/227","targetHints":{"allow":["GET"]}}],"collection":[{"href":"https:\/\/wev.alpar.fr\/index.php?rest_route=\/wp\/v2\/product"}],"about":[{"href":"https:\/\/wev.alpar.fr\/index.php?rest_route=\/wp\/v2\/types\/product"}],"wp:featuredmedia":[{"embeddable":true,"href":"https:\/\/wev.alpar.fr\/index.php?rest_route=\/wp\/v2\/media\/647"}],"wp:attachment":[{"href":"https:\/\/wev.alpar.fr\/index.php?rest_route=%2Fwp%2Fv2%2Fmedia&parent=227"}],"wp:term":[{"taxonomy":"product_brand","embeddable":true,"href":"https:\/\/wev.alpar.fr\/index.php?rest_route=%2Fwp%2Fv2%2Fproduct_brand&post=227"},{"taxonomy":"product_cat","embeddable":true,"href":"https:\/\/wev.alpar.fr\/index.php?rest_route=%2Fwp%2Fv2%2Fproduct_cat&post=227"},{"taxonomy":"product_tag","embeddable":true,"href":"https:\/\/wev.alpar.fr\/index.php?rest_route=%2Fwp%2Fv2%2Fproduct_tag&post=227"}],"curies":[{"name":"wp","href":"https:\/\/api.w.org\/{rel}","templated":true}]}}