{"id":144,"date":"2025-11-25T11:31:26","date_gmt":"2025-11-25T10:31:26","guid":{"rendered":"https:\/\/shop.alpar.fr\/?post_type=product&#038;p=144"},"modified":"2025-11-25T11:31:26","modified_gmt":"2025-11-25T10:31:26","slug":"cagette-tarocco-12kg","status":"publish","type":"product","link":"https:\/\/wev.alpar.fr\/?product=cagette-tarocco-12kg","title":{"rendered":"Cagette Tarocco 12kg"},"content":{"rendered":"<p>Il s\u2019agit, \u00e0 son origine, d\u2019une <b>mutation naturelle de la Sanguinello.<\/b><br \/>\n<b>Orange semi-pigment\u00e9e <\/b>(en d\u00e9cembre elle est encore claire, mais petit \u00e0 petit elle prend la coloration typique de l\u2019orange rouge sicilienne).<br \/>\nC&rsquo;est l&rsquo;orange\u00a0<b>la plus typique des terres autour de l\u2019Etna<\/b>, au go\u00fbt fruit\u00e9 et tr\u00e8s typique d\u2019agrume par rapport aux pr\u00e9c\u00e9dentes. Elle est tr\u00e8s juteuse et poss\u00e8de \u00e9galement de tr\u00e8s importantes propri\u00e9t\u00e9s b\u00e9n\u00e9fiques. Il en existe beaucoup de sous-vari\u00e9t\u00e9s. <b>Les exploitations du Consortium sont pauvres en vari\u00e9t\u00e9s tardives de Tarocco<\/b> (qui sont des vari\u00e9t\u00e9s qui se sont d\u00e9velopp\u00e9es plus r\u00e9cemment). Les nouvelles plantations permettront de r\u00e9colter des Tarocco jusqu\u2019au printemps.<br \/>\n<b> P\u00e9riode de r\u00e9colte : <\/b> \u00a0de D\u00c9CEMBRE \u00e0 MARS<\/p>\n","protected":false},"excerpt":{"rendered":"<p>Il s\u2019agit, \u00e0 son origine, d\u2019une mutation naturelle de la Sanguinello. Orange semi-pigment\u00e9e (en d\u00e9cembre elle est encore claire, mais [&hellip;]<\/p>\n","protected":false},"featured_media":145,"template":"","meta":{"site-sidebar-layout":"default","site-content-layout":"","ast-site-content-layout":"default","site-content-style":"default","site-sidebar-style":"default","ast-global-header-display":"","ast-banner-title-visibility":"","ast-main-header-display":"","ast-hfb-above-header-display":"","ast-hfb-below-header-display":"","ast-hfb-mobile-header-display":"","site-post-title":"","ast-breadcrumbs-content":"","ast-featured-img":"","footer-sml-layout":"","ast-disable-related-posts":"","theme-transparent-header-meta":"default","adv-header-id-meta":"","stick-header-meta":"","header-above-stick-meta":"","header-main-stick-meta":"","header-below-stick-meta":"","astra-migrate-meta-layouts":"set","ast-page-background-enabled":"default","ast-page-background-meta":{"desktop":{"background-color":"var(--ast-global-color-5)","background-image":"","background-repeat":"repeat","background-position":"center center","background-size":"auto","background-attachment":"scroll","background-type":"","background-media":"","overlay-type":"","overlay-color":"","overlay-opacity":"","overlay-gradient":""},"tablet":{"background-color":"","background-image":"","background-repeat":"repeat","background-position":"center center","background-size":"auto","background-attachment":"scroll","background-type":"","background-media":"","overlay-type":"","overlay-color":"","overlay-opacity":"","overlay-gradient":""},"mobile":{"background-color":"","background-image":"","background-repeat":"repeat","background-position":"center center","background-size":"auto","background-attachment":"scroll","background-type":"","background-media":"","overlay-type":"","overlay-color":"","overlay-opacity":"","overlay-gradient":""}},"ast-content-background-meta":{"desktop":{"background-color":"var(--ast-global-color-4)","background-image":"","background-repeat":"repeat","background-position":"center center","background-size":"auto","background-attachment":"scroll","background-type":"","background-media":"","overlay-type":"","overlay-color":"","overlay-opacity":"","overlay-gradient":""},"tablet":{"background-color":"var(--ast-global-color-4)","background-image":"","background-repeat":"repeat","background-position":"center center","background-size":"auto","background-attachment":"scroll","background-type":"","background-media":"","overlay-type":"","overlay-color":"","overlay-opacity":"","overlay-gradient":""},"mobile":{"background-color":"var(--ast-global-color-4)","background-image":"","background-repeat":"repeat","background-position":"center center","background-size":"auto","background-attachment":"scroll","background-type":"","background-media":"","overlay-type":"","overlay-color":"","overlay-opacity":"","overlay-gradient":""}}},"product_brand":[],"product_cat":[20],"product_tag":[],"class_list":{"0":"post-144","1":"product","2":"type-product","3":"status-publish","4":"has-post-thumbnail","6":"product_cat-agrume","7":"desktop-align-left","8":"tablet-align-left","9":"mobile-align-left","11":"first","12":"instock","13":"shipping-taxable","14":"purchasable","15":"product-type-simple"},"_links":{"self":[{"href":"https:\/\/wev.alpar.fr\/index.php?rest_route=\/wp\/v2\/product\/144","targetHints":{"allow":["GET"]}}],"collection":[{"href":"https:\/\/wev.alpar.fr\/index.php?rest_route=\/wp\/v2\/product"}],"about":[{"href":"https:\/\/wev.alpar.fr\/index.php?rest_route=\/wp\/v2\/types\/product"}],"wp:featuredmedia":[{"embeddable":true,"href":"https:\/\/wev.alpar.fr\/index.php?rest_route=\/wp\/v2\/media\/145"}],"wp:attachment":[{"href":"https:\/\/wev.alpar.fr\/index.php?rest_route=%2Fwp%2Fv2%2Fmedia&parent=144"}],"wp:term":[{"taxonomy":"product_brand","embeddable":true,"href":"https:\/\/wev.alpar.fr\/index.php?rest_route=%2Fwp%2Fv2%2Fproduct_brand&post=144"},{"taxonomy":"product_cat","embeddable":true,"href":"https:\/\/wev.alpar.fr\/index.php?rest_route=%2Fwp%2Fv2%2Fproduct_cat&post=144"},{"taxonomy":"product_tag","embeddable":true,"href":"https:\/\/wev.alpar.fr\/index.php?rest_route=%2Fwp%2Fv2%2Fproduct_tag&post=144"}],"curies":[{"name":"wp","href":"https:\/\/api.w.org\/{rel}","templated":true}]}}