{"id":387,"date":"2025-09-11T14:32:32","date_gmt":"2025-09-11T12:32:32","guid":{"rendered":"https:\/\/shop.alpar.fr\/?page_id=387"},"modified":"2025-09-11T14:57:37","modified_gmt":"2025-09-11T12:57:37","slug":"contact","status":"publish","type":"page","link":"https:\/\/wev.alpar.fr\/?page_id=387","title":{"rendered":"Contact"},"content":{"rendered":"\n<div class=\"wp-block-columns alignfull infos-additionnels-alpar is-layout-flex wp-container-core-columns-is-layout-28f84493 wp-block-columns-is-layout-flex\">\n<div class=\"wp-block-column has-border-color has-ast-global-color-0-border-color is-layout-flow wp-block-column-is-layout-flow\" style=\"border-width:1px;padding-top:var(--wp--preset--spacing--30);padding-right:var(--wp--preset--spacing--30);padding-bottom:var(--wp--preset--spacing--30);padding-left:var(--wp--preset--spacing--30)\">\n<h3 class=\"wp-block-heading has-text-align-center has-text-color\" id=\"alpar\" style=\"color:#008675;line-height:1.5\"><strong>Alpar<\/strong><\/h3>\n\n\n\n<p class=\"has-text-color\" style=\"color:#008675\"><strong>7 rue du Vieux Moulin<br>74960 Meythet<\/strong><\/p>\n\n\n\n<p class=\"no-padding has-text-color\" style=\"color:#008675\"><i class=\"fas fa-phone-alt\"><\/i> <strong><a href=\"tel:0450613943\" data-type=\"tel\" data-id=\"tel:0450613943\">04 50 61 39 43<\/a><\/strong><\/p>\n\n\n\n<p class=\"no-padding has-text-color\" style=\"color:#008675\"><i class=\"fas fa-envelope\"><\/i> <strong><a href=\"mailto:alparannecy@gmail.com\">alparannecy@gmail.com<\/a><\/strong><\/p>\n<\/div>\n\n\n\n<div class=\"wp-block-column is-vertically-aligned-center has-border-color has-ast-global-color-0-border-color is-layout-flow wp-block-column-is-layout-flow\" style=\"border-width:1px;padding-top:var(--wp--preset--spacing--30);padding-right:var(--wp--preset--spacing--30);padding-bottom:var(--wp--preset--spacing--30);padding-left:var(--wp--preset--spacing--30)\"><p><iframe src=\"https:\/\/www.google.com\/maps\/embed?pb=!1m18!1m12!1m3!1d2775.572174601232!2d6.08566687613113!3d45.91986287108506!2m3!1f0!2f0!3f0!3m2!1i1024!2i768!4f13.1!3m3!1m2!1s0x478b851bb21abd6b%3A0x507af1202d2a9013!2s7%20Rue%20du%20Vieux%20Moulin%2C%2074960%20Annecy!5e0!3m2!1sfr!2sfr!4v1716356809228!5m2!1sfr!2sfr\" width=\"400\" height=\"300\" style=\"border:0;\" allowfullscreen=\"\" loading=\"lazy\" referrerpolicy=\"no-referrer-when-downgrade\"><\/iframe><\/p>\n<\/div>\n\n\n\n<div class=\"wp-block-column has-border-color has-ast-global-color-0-border-color is-layout-flow wp-block-column-is-layout-flow\" style=\"border-width:1px;padding-top:var(--wp--preset--spacing--30);padding-right:var(--wp--preset--spacing--30);padding-bottom:var(--wp--preset--spacing--30);padding-left:var(--wp--preset--spacing--30)\">\n<div class=\"wp-block-group border-3-radius is-layout-flow wp-block-group-is-layout-flow\" style=\"padding-top:20px;padding-right:20px;padding-bottom:20px;padding-left:20px\">\n<h3 class=\"wp-block-heading has-text-align-center has-text-color\" id=\"horaires-d-ouverture\" style=\"color:#008675\"><strong>Horaires d&rsquo;ouverture<\/strong><\/h3>\n\n\n\n<div class=\"wp-block-columns jour-ouverture is-layout-flex wp-container-core-columns-is-layout-28f84493 wp-block-columns-is-layout-flex\">\n<div class=\"wp-block-column is-layout-flow wp-block-column-is-layout-flow\">\n<p class=\"has-text-color\" style=\"color:#008675\"><strong>Lundi :<br>Mardi :<br>Mercredi :<br>Jeudi :<br>Vendredi :<br>Samedi :<br>Dimanche :<\/strong><\/p>\n<\/div>\n\n\n\n<div class=\"wp-block-column is-layout-flow wp-block-column-is-layout-flow\">\n<p class=\"has-text-color\" style=\"color:#008675\"><strong><strong><strong>9h30 &#8211; 19h30<br>9h30 &#8211; 11h45<br>9h30 &#8211; <strong>19h30<\/strong><br>9h30 &#8211; <strong>19h30<\/strong><br>9h30 &#8211; <strong>19h30<\/strong><br>9h00 &#8211; 14h<\/strong>00<br>Ferm\u00e9<\/strong><\/strong><\/p>\n<\/div>\n<\/div>\n<\/div>\n<\/div>\n<\/div>\n\n\n\n<div class=\"wp-block-columns is-layout-flex wp-container-core-columns-is-layout-28f84493 wp-block-columns-is-layout-flex\">\n<div class=\"wp-block-column is-layout-flow wp-block-column-is-layout-flow\">\n<h2 class=\"wp-block-heading alignfull has-text-align-center has-ast-global-color-1-color has-text-color has-link-color wp-elements-4d215c977ac1b2ee65585e9c305a3dcc\" id=\"presentation\" style=\"margin-top:0;margin-right:0;margin-bottom:0;margin-left:0;padding-top:0;padding-right:0;padding-bottom:0;padding-left:0\">Contactez-nous<\/h2>\n\n\n\n<p class=\"has-text-align-center\">Pour toute question, compl\u00e9tez le formulaire, ou contactez-nous directement par email, t\u00e9l\u00e9phone ou sur Facebook.<\/p>\n\n\n\n<figure class=\"wp-block-image size-full has-custom-border is-style-default\"><img decoding=\"async\" src=\"https:\/\/www.alpar.fr\/wp-content\/uploads\/2022\/06\/magasin-ext.jpg\" alt=\"\" class=\"wp-image-916\" style=\"border-radius:30px;box-shadow:var(--wp--preset--shadow--deep)\"\/><\/figure>\n<\/div>\n\n\n\n<div class=\"wp-block-column is-layout-flow wp-block-column-is-layout-flow\"><div class=\"forminator-ui forminator-custom-form forminator-custom-form-391   forminator_ajax\" data-forminator-render=\"0\" data-form=\"forminator-module-391\" data-uid=\"69d0a6ba0cfbc\"><br\/><\/div><form\n\t\t\t\tid=\"forminator-module-391\"\n\t\t\t\tclass=\"forminator-ui forminator-custom-form forminator-custom-form-391   forminator_ajax\"\n\t\t\t\tmethod=\"post\"\n\t\t\t\tdata-forminator-render=\"0\"\n\t\t\t\tdata-form-id=\"391\"\n\t\t\t\t data-color-option=\"default\" data-design=\"none\" data-grid=\"open\" style=\"display: none;\"\n\t\t\t\tdata-uid=\"69d0a6ba0cfbc\"\n\t\t\t><div role=\"alert\" aria-live=\"polite\" class=\"forminator-response-message forminator-error\" aria-hidden=\"true\"><\/div><div class=\"forminator-row\"><div id=\"name-1\" class=\"forminator-field-name forminator-col forminator-col-6 \"><div class=\"forminator-field\"><label for=\"forminator-field-name-1_69d0a6ba0cfbc\" id=\"forminator-field-name-1_69d0a6ba0cfbc-label\" class=\"forminator-label\">Nom <span class=\"forminator-required\">*<\/span><\/label><input type=\"text\" name=\"name-1\" value=\"\" placeholder=\"Nom Pr\u00e9nom\" id=\"forminator-field-name-1_69d0a6ba0cfbc\" class=\"forminator-input forminator-name--field\" aria-required=\"true\" autocomplete=\"name\" \/><\/div><\/div><div id=\"phone-1\" class=\"forminator-field-phone forminator-col forminator-col-6 \"><div class=\"forminator-field\"><label for=\"forminator-field-phone-1_69d0a6ba0cfbc\" id=\"forminator-field-phone-1_69d0a6ba0cfbc-label\" class=\"forminator-label\">Num\u00e9ro de t\u00e9l\u00e9phone<\/label><input type=\"text\" name=\"phone-1\" value=\"\" placeholder=\"01 02 03 04 05\" id=\"forminator-field-phone-1_69d0a6ba0cfbc\" class=\"forminator-input forminator-field--phone\" data-required=\"\" aria-required=\"false\" autocomplete=\"off\" \/><\/div><\/div><\/div><div class=\"forminator-row\"><div id=\"email-1\" class=\"forminator-field-email forminator-col forminator-col-12 \"><div class=\"forminator-field\"><label for=\"forminator-field-email-1_69d0a6ba0cfbc\" id=\"forminator-field-email-1_69d0a6ba0cfbc-label\" class=\"forminator-label\">Adresse de messagerie <span class=\"forminator-required\">*<\/span><\/label><input type=\"email\" name=\"email-1\" value=\"\" placeholder=\"nom @ abc.fr\" id=\"forminator-field-email-1_69d0a6ba0cfbc\" class=\"forminator-input forminator-email--field\" data-required=\"true\" aria-required=\"true\" autocomplete=\"email\" \/><\/div><\/div><\/div><div class=\"forminator-row\"><div id=\"textarea-1\" class=\"forminator-field-textarea forminator-col forminator-col-12 \"><div class=\"forminator-field\"><label for=\"forminator-field-textarea-1_69d0a6ba0cfbc\" id=\"forminator-field-textarea-1_69d0a6ba0cfbc-label\" class=\"forminator-label\">Message<\/label><textarea name=\"textarea-1\" placeholder=\"Saisissez votre message\u2026\" id=\"forminator-field-textarea-1_69d0a6ba0cfbc\" class=\"forminator-textarea\" rows=\"6\" style=\"min-height:140px;\" maxlength=\"180\" ><\/textarea><span id=\"forminator-field-textarea-1_69d0a6ba0cfbc-description\" class=\"forminator-description\"><span data-limit=\"180\" data-type=\"characters\" data-editor=\"\">0 \/ 180<\/span><\/span><\/div><\/div><\/div><div class=\"forminator-row\" style=\"margin: 0;\"><div id=\"captcha-1\" class=\"forminator-field-captcha  forminator-col-12 \"><div class=\"forminator-captcha-left forminator-g-recaptcha recaptcha-invisible\" data-theme=\"light\" data-badge=\"bottomright\" data-sitekey=\"6LdT3cUrAAAAAOpRszCoHK9mkNUcZ7PM5jVk4bqH\" data-size=\"invisible\"><\/div> <\/div><\/div><input type=\"hidden\" name=\"referer_url\" value=\"\" \/><div class=\"forminator-row forminator-row-last\"><div class=\"forminator-col\"><div class=\"forminator-field\"><button class=\"forminator-button forminator-button-submit\">Envoyer le message<\/button><\/div><\/div><\/div><input type=\"hidden\" id=\"forminator_nonce\" name=\"forminator_nonce\" value=\"356f369ed6\" \/><input type=\"hidden\" name=\"_wp_http_referer\" value=\"\/index.php?rest_route=%2Fwp%2Fv2%2Fpages%2F387\" \/><input type=\"hidden\" name=\"form_id\" value=\"391\"><input type=\"hidden\" name=\"page_id\" value=\"387\"><input type=\"hidden\" name=\"form_type\" value=\"default\"><input type=\"hidden\" name=\"current_url\" value=\"https:\/\/wev.alpar.fr\/?page_id=387\"><input type=\"hidden\" name=\"render_id\" value=\"0\"><input type=\"hidden\" name=\"action\" value=\"forminator_submit_form_custom-forms\"><\/form>\n<\/div>\n<\/div>\n","protected":false},"excerpt":{"rendered":"<p>Alpar 7 rue du Vieux Moulin74960 Meythet 04 50 61 39 43 alparannecy@gmail.com Horaires d&rsquo;ouverture Lundi :Mardi :Mercredi :Jeudi :Vendredi [&hellip;]<\/p>\n","protected":false},"author":2,"featured_media":0,"parent":0,"menu_order":0,"comment_status":"closed","ping_status":"closed","template":"","meta":{"site-sidebar-layout":"default","site-content-layout":"","ast-site-content-layout":"default","site-content-style":"default","site-sidebar-style":"default","ast-global-header-display":"","ast-banner-title-visibility":"","ast-main-header-display":"","ast-hfb-above-header-display":"","ast-hfb-below-header-display":"","ast-hfb-mobile-header-display":"","site-post-title":"disabled","ast-breadcrumbs-content":"","ast-featured-img":"","footer-sml-layout":"","ast-disable-related-posts":"","theme-transparent-header-meta":"","adv-header-id-meta":"","stick-header-meta":"","header-above-stick-meta":"","header-main-stick-meta":"","header-below-stick-meta":"","astra-migrate-meta-layouts":"default","ast-page-background-enabled":"default","ast-page-background-meta":{"desktop":{"background-color":"var(--ast-global-color-5)","background-image":"","background-repeat":"repeat","background-position":"center center","background-size":"auto","background-attachment":"scroll","background-type":"","background-media":"","overlay-type":"","overlay-color":"","overlay-opacity":"","overlay-gradient":""},"tablet":{"background-color":"","background-image":"","background-repeat":"repeat","background-position":"center center","background-size":"auto","background-attachment":"scroll","background-type":"","background-media":"","overlay-type":"","overlay-color":"","overlay-opacity":"","overlay-gradient":""},"mobile":{"background-color":"","background-image":"","background-repeat":"repeat","background-position":"center center","background-size":"auto","background-attachment":"scroll","background-type":"","background-media":"","overlay-type":"","overlay-color":"","overlay-opacity":"","overlay-gradient":""}},"ast-content-background-meta":{"desktop":{"background-color":"var(--ast-global-color-4)","background-image":"","background-repeat":"repeat","background-position":"center center","background-size":"auto","background-attachment":"scroll","background-type":"","background-media":"","overlay-type":"","overlay-color":"","overlay-opacity":"","overlay-gradient":""},"tablet":{"background-color":"var(--ast-global-color-4)","background-image":"","background-repeat":"repeat","background-position":"center center","background-size":"auto","background-attachment":"scroll","background-type":"","background-media":"","overlay-type":"","overlay-color":"","overlay-opacity":"","overlay-gradient":""},"mobile":{"background-color":"var(--ast-global-color-4)","background-image":"","background-repeat":"repeat","background-position":"center center","background-size":"auto","background-attachment":"scroll","background-type":"","background-media":"","overlay-type":"","overlay-color":"","overlay-opacity":"","overlay-gradient":""}},"footnotes":""},"class_list":["post-387","page","type-page","status-publish","hentry"],"_links":{"self":[{"href":"https:\/\/wev.alpar.fr\/index.php?rest_route=\/wp\/v2\/pages\/387","targetHints":{"allow":["GET"]}}],"collection":[{"href":"https:\/\/wev.alpar.fr\/index.php?rest_route=\/wp\/v2\/pages"}],"about":[{"href":"https:\/\/wev.alpar.fr\/index.php?rest_route=\/wp\/v2\/types\/page"}],"author":[{"embeddable":true,"href":"https:\/\/wev.alpar.fr\/index.php?rest_route=\/wp\/v2\/users\/2"}],"replies":[{"embeddable":true,"href":"https:\/\/wev.alpar.fr\/index.php?rest_route=%2Fwp%2Fv2%2Fcomments&post=387"}],"version-history":[{"count":6,"href":"https:\/\/wev.alpar.fr\/index.php?rest_route=\/wp\/v2\/pages\/387\/revisions"}],"predecessor-version":[{"id":396,"href":"https:\/\/wev.alpar.fr\/index.php?rest_route=\/wp\/v2\/pages\/387\/revisions\/396"}],"wp:attachment":[{"href":"https:\/\/wev.alpar.fr\/index.php?rest_route=%2Fwp%2Fv2%2Fmedia&parent=387"}],"curies":[{"name":"wp","href":"https:\/\/api.w.org\/{rel}","templated":true}]}}